{"id":718,"date":"2022-06-29T08:24:34","date_gmt":"2022-06-29T08:24:34","guid":{"rendered":"https:\/\/giannaguide.com\/?page_id=718"},"modified":"2024-01-03T10:39:07","modified_gmt":"2024-01-03T10:39:07","slug":"tariffe","status":"publish","type":"page","link":"https:\/\/giannaguide.com\/fr\/tariffe\/","title":{"rendered":"TARIFS"},"content":{"rendered":"<p>[et_pb_section fb_built=&#8221;1&#8243; _builder_version=&#8221;4.17.4&#8243; _module_preset=&#8221;default&#8221; global_colors_info=&#8221;{}&#8221;][et_pb_row _builder_version=&#8221;4.17.4&#8243; _module_preset=&#8221;default&#8221; global_colors_info=&#8221;{}&#8221;][et_pb_column type=&#8221;4_4&#8243; _builder_version=&#8221;4.17.4&#8243; _module_preset=&#8221;default&#8221; global_colors_info=&#8221;{}&#8221;][et_pb_text _builder_version=&#8221;4.17.4&#8243; _module_preset=&#8221;default&#8221; text_font=&#8221;||||||||&#8221; header_font=&#8221;Noto Serif|700||on|||||dotted&#8221; header_text_color=&#8221;#fe9900&#8243; header_font_size=&#8221;60px&#8221; header_line_height=&#8221;1.3em&#8221; background_size=&#8221;initial&#8221; background_position=&#8221;top_left&#8221; background_repeat=&#8221;repeat&#8221; custom_margin=&#8221;|||&#8221; animation_style=&#8221;fade&#8221; header_font_size_tablet=&#8221;60px&#8221; header_font_size_phone=&#8221;50px&#8221; header_font_size_last_edited=&#8221;on|phone&#8221; locked=&#8221;off&#8221; global_colors_info=&#8221;{}&#8221;]<\/p>\n<h1 style=\"text-align: center;\">Tarifs<\/h1>\n<p>[\/et_pb_text][\/et_pb_column][\/et_pb_row][\/et_pb_section][et_pb_section fb_built=&#8221;1&#8243; _builder_version=&#8221;4.17.4&#8243; _module_preset=&#8221;default&#8221; background_color=&#8221;#fafafa&#8221; global_colors_info=&#8221;{}&#8221;][et_pb_row _builder_version=&#8221;4.17.4&#8243; _module_preset=&#8221;default&#8221; global_colors_info=&#8221;{}&#8221;][et_pb_column type=&#8221;4_4&#8243; _builder_version=&#8221;4.17.4&#8243; _module_preset=&#8221;default&#8221; global_colors_info=&#8221;{}&#8221;][et_pb_text _builder_version=&#8221;4.22.0&#8243; _module_preset=&#8221;default&#8221; text_font=&#8221;Noto Sans||||||||&#8221; text_text_color=&#8221;#404040&#8243; text_font_size=&#8221;16px&#8221; hover_enabled=&#8221;0&#8243; global_colors_info=&#8221;{}&#8221; sticky_enabled=&#8221;0&#8243;]<\/p>\n<p class=\" translation-block\">Je pense que la beaut\u00e9 doit \u00eatre \u00e0 la port\u00e9e de tous et je ne pense pas me contredire avec mes tarifs 2024 :<\/p>\n<p>&nbsp;<\/p>\n<p><strong><span style=\"color: #333399;\">GROUPES<\/span><\/strong><\/p>\n<p>Groupes jusqu'\u00e0 30 personnes:<\/p>\n<p>HD (jusqu'\u00e0 3 heures max) \u20ac 140,00\/ FD (jusqu'\u00e0 6 heures, d\u00e9jeuner exclu) \u20ac 280,00<\/p>\n<p>Groupes jusqu'\u00e0 40 personnes : HD 150,00 \u20ac \/ FD 300,00 \u20ac<\/p>\n<p>Groupes plus nombreux: HD \u20ac 160,00\/ FD \u20ac 320,00<\/p>\n<p>Heure extra \u20ac 40,00<br \/>Visite d\u2019un mus\u00e9e \u20ac 50,00\/heure<\/p>\n<p>Suppl\u00e9ment bilingue \u20ac 60,00<\/p>\n<p class=\" translation-block\">J'applique les tarifs ci-dessus \u00e0 Arezzo et dans sa province, Castiglion del Lago (sur le lac Trasim\u00e8ne, pr\u00e8s de Cortona) et Citt\u00e0 di Castello (tr\u00e8s proche de Sansepolcro).<\/p>\n<p>Pour Sienne et sa province tous les tarifs sont major\u00e9s de 20,00 \u20ac:<br \/>Jusqu'\u00e0 30 personnes : 160,00 \u20ac\/320,00 \u20ac<br \/>Jusqu'\u00e0 40 personnes : 160,00 \u20ac\/320,00 \u20ac<br \/>Plu sde 40 personnes : 180,00 \u20ac\/360,00 \u20ac<\/p>\n<p>Forfait uniquement pour les groupes scolaires du 01\/01 au 28\/02<\/p>\n<p>&nbsp;<\/p>\n<p><strong><span style=\"color: #333399;\">INDIVIDUELS (jusqu\u2019\u00e0 10 personnes)<\/span><\/strong><\/p>\n<p>Visite HD euro 140,00<\/p>\n<p>Visite FD euro 280,00<\/p>\n<p>&nbsp;<\/p>\n<p class=\" translation-block\">Je vous invite, dans tous les cas, \u00e0 me contacter \u00e0 giannachiaretti@gmail.com ou \u00e0 m'appeler au +39 338 8454061 pour obtenir un devis, \u00e9tant donn\u00e9 que le co\u00fbt d'une visite guid\u00e9e peut varier non seulement en fonction de la taille num\u00e9rique du groupe. , mais aussi la dur\u00e9e\nde la visite et du parcours pr\u00e9vu.<\/p>\n<p>[\/et_pb_text][\/et_pb_column][\/et_pb_row][\/et_pb_section][et_pb_section fb_built=&#8221;1&#8243; fullwidth=&#8221;on&#8221; _builder_version=&#8221;4.17.4&#8243; _module_preset=&#8221;default&#8221; global_colors_info=&#8221;{}&#8221;][et_pb_fullwidth_image src=&#8221;https:\/\/giannaguide.com\/wp-content\/uploads\/2022\/06\/Footer_Tariffe_Gianna-Guide.jpg&#8221; _builder_version=&#8221;4.17.4&#8243; _module_preset=&#8221;default&#8221; global_colors_info=&#8221;{}&#8221;][\/et_pb_fullwidth_image][\/et_pb_section]<\/p>","protected":false},"excerpt":{"rendered":"<p>TariffePenso che il Bello dovrebbe essere alla portata di tutti e credo di non contraddirmi con le mie tariffe 2024: &nbsp; GRUPPI Gruppi fino a 30 pax HD (fino a tre ore max di lavoro) euro 140,00\/ FD (fino a sei ore max, esclusa la pausa pranzo) euro 280,00 Gruppi fino a 40 pax: HD [&hellip;]<\/p>","protected":false},"author":1,"featured_media":0,"parent":0,"menu_order":0,"comment_status":"closed","ping_status":"closed","template":"","meta":{"_et_pb_use_builder":"on","_et_pb_old_content":"","_et_gb_content_width":"","footnotes":""},"class_list":["post-718","page","type-page","status-publish","hentry"],"_links":{"self":[{"href":"https:\/\/giannaguide.com\/fr\/wp-json\/wp\/v2\/pages\/718","targetHints":{"allow":["GET"]}}],"collection":[{"href":"https:\/\/giannaguide.com\/fr\/wp-json\/wp\/v2\/pages"}],"about":[{"href":"https:\/\/giannaguide.com\/fr\/wp-json\/wp\/v2\/types\/page"}],"author":[{"embeddable":true,"href":"https:\/\/giannaguide.com\/fr\/wp-json\/wp\/v2\/users\/1"}],"replies":[{"embeddable":true,"href":"https:\/\/giannaguide.com\/fr\/wp-json\/wp\/v2\/comments?post=718"}],"version-history":[{"count":12,"href":"https:\/\/giannaguide.com\/fr\/wp-json\/wp\/v2\/pages\/718\/revisions"}],"predecessor-version":[{"id":1006,"href":"https:\/\/giannaguide.com\/fr\/wp-json\/wp\/v2\/pages\/718\/revisions\/1006"}],"wp:attachment":[{"href":"https:\/\/giannaguide.com\/fr\/wp-json\/wp\/v2\/media?parent=718"}],"curies":[{"name":"wp","href":"https:\/\/api.w.org\/{rel}","templated":true}]}}