{"id":59,"date":"2022-04-11T14:28:04","date_gmt":"2022-04-11T14:28:04","guid":{"rendered":"https:\/\/giannaguide.com\/?page_id=59"},"modified":"2022-07-06T13:47:55","modified_gmt":"2022-07-06T13:47:55","slug":"chi-sono","status":"publish","type":"page","link":"https:\/\/giannaguide.com\/fr\/chi-sono\/","title":{"rendered":"QUI SUIS-JE?"},"content":{"rendered":"<p>[et_pb_section fb_built=&#8221;1&#8243; theme_builder_area=&#8221;post_content&#8221; _builder_version=&#8221;4.17.4&#8243; _module_preset=&#8221;default&#8221;][et_pb_row _builder_version=&#8221;4.17.4&#8243; _module_preset=&#8221;default&#8221; theme_builder_area=&#8221;post_content&#8221;][et_pb_column _builder_version=&#8221;4.17.4&#8243; _module_preset=&#8221;default&#8221; type=&#8221;4_4&#8243; theme_builder_area=&#8221;post_content&#8221;][et_pb_text _builder_version=&#8221;4.17.4&#8243; _module_preset=&#8221;default&#8221; text_font=&#8221;||||||||&#8221; header_font=&#8221;Noto Serif|700||on|||||dotted&#8221; header_text_color=&#8221;#fe9900&#8243; header_font_size=&#8221;60px&#8221; header_line_height=&#8221;1.3em&#8221; background_size=&#8221;initial&#8221; background_position=&#8221;top_left&#8221; background_repeat=&#8221;repeat&#8221; custom_margin=&#8221;|||&#8221; animation_style=&#8221;fade&#8221; hover_enabled=&#8221;0&#8243; header_font_size_last_edited=&#8221;off|desktop&#8221; locked=&#8221;off&#8221; global_colors_info=&#8221;{}&#8221; theme_builder_area=&#8221;post_content&#8221; sticky_enabled=&#8221;0&#8243;]<\/p>\n<h1 style=\"text-align: center;\">QUI SUIS-JE?<\/h1>\n<p>[\/et_pb_text][\/et_pb_column][\/et_pb_row][\/et_pb_section][et_pb_section fb_built=&#8221;1&#8243; _builder_version=&#8221;4.17.4&#8243; _module_preset=&#8221;default&#8221; bottom_divider_style=&#8221;arrow2&#8243; bottom_divider_color=&#8221;#fe9900&#8243; bottom_divider_height=&#8221;4px&#8221; global_colors_info=&#8221;{}&#8221;][et_pb_row _builder_version=&#8221;4.17.4&#8243; _module_preset=&#8221;default&#8221; global_colors_info=&#8221;{}&#8221;][et_pb_column type=&#8221;4_4&#8243; _builder_version=&#8221;4.17.4&#8243; _module_preset=&#8221;default&#8221; global_colors_info=&#8221;{}&#8221;][et_pb_image src=&#8221;https:\/\/giannaguide.com\/wp-content\/uploads\/2022\/06\/IMG_1027.jpg&#8221; _builder_version=&#8221;4.17.4&#8243; _module_preset=&#8221;default&#8221; global_colors_info=&#8221;{}&#8221;][\/et_pb_image][\/et_pb_column][\/et_pb_row][et_pb_row _builder_version=&#8221;4.17.4&#8243; _module_preset=&#8221;default&#8221; global_colors_info=&#8221;{}&#8221;][et_pb_column type=&#8221;4_4&#8243; _builder_version=&#8221;4.17.4&#8243; _module_preset=&#8221;default&#8221; global_colors_info=&#8221;{}&#8221;][et_pb_text _builder_version=&#8221;4.17.4&#8243; _module_preset=&#8221;default&#8221; text_font=&#8221;Noto Sans||||||||&#8221; text_font_size=&#8221;16px&#8221; hover_enabled=&#8221;0&#8243; global_colors_info=&#8221;{}&#8221; sticky_enabled=&#8221;0&#8243;]<\/p>\n<p style=\"text-align: left;\" class=\" translation-block\">Je suis mari\u00e9e et j\u2019ai sept enfants: trois sont humains et les autres sont poilus (deux chiens et deux chattes); j\u2019adore la campagne, le jardinage, chercher les champignons et... les pr\u00e9parer! J\u2019ai une ma\u00eetrise en Langues et Litt\u00e9ratures Etrang\u00e8res et j\u2019ai enseign\u00e9e l'Anglais dans les \u00e9coles sup\u00e9rieures pendant plusieures ann\u00e9es, mais ma curiosit\u00e9 et le hasard m\u2019ont amen\u00e9e \u00e0 travailler aussi comme traductrice, interpr\u00e8te, accompagnatrice dans le monde entier, agent immobilier. J\u2019ai commenc\u00e9 \u00e0 travailler comme guide pour le Bureau Touristique d\u2019 Arezzo lorsque j\u2019\u00e9tais libre de l\u2019enseignement: j\u2019ai beaucoup aim\u00e9 \u00e7a tout de suite et d\u00e8s ce moment-l\u00e0 il y a eu des livres, des conf\u00e9rences, des cours et, \u00e9videmment, des examens aussi...<\/p>\n<p style=\"text-align: center;\"><strong><span style=\"color: #ff6600;\">vivre ici et y partager la culture et la beaut\u00e9 me donnent un plaisir rare, parce que je crois que ce patrimoine appartient \u00e0 tout le monde!<\/span><\/strong><\/p>\n<p style=\"text-align: left;\"><strong><span style=\"color: #ff6600;\">\u00a0<\/span><\/strong><span style=\"font-weight: 400;\">J\u2019ai fait beaucoup de visites \u00e0 th\u00e8me pour les citadens d\u2019 Arezzo et j\u2019ai rencontr\u00e9 des milliers d\u2019\u00e9tudiants et d\u2019adultes en parlant des Etrusques, des Romains, etc. jusqu\u2019 aux th\u00e8mes d\u2019aujourd\u2019hui. J\u2019ai eu le privil\u00e8ge de travailler pour beaucoup d\u2019institutions et de personnalit\u00e9s: de nombreuse municipalit\u00e9s italiennes, Provincia d\u2019 Arezzo, des Universit\u00e9s italiennes et \u00e9trang\u00e8res, RAI 1, Mr. Chris Smith - Ministre britannique de la Culture, Mr. W. Mc Kilenny - Consul am\u00e9ricain de Florence, M. Umberto Veronesi, M. Giovanni Berlinguer, d\u00e9put\u00e9, M.me Morton de l\u2019Institution \u00ab Royal Collection Trust \u00bb, la chanteuse Noa, M. Annibale Marini, juge, le prix Nobel Mario Vargas Llosa, M.me la Comtesse Shirley Caracciolo, Tuscan Sun Festival de 2009, 2010 et 2011. Sur demande du Consulat G\u00e9n\u00e9ral de Florence j\u2019ai servi d\u2019interpr\u00e8te simultan\u00e9e et cons\u00e9cutive pour M. Mel Sembler, Ambassadeur am\u00e9ricain en visite officielle \u00e0 Arezzo le 7 octobre 2002.<\/span><\/p>\n<p>[\/et_pb_text][\/et_pb_column][\/et_pb_row][\/et_pb_section][et_pb_section fb_built=&#8221;1&#8243; fullwidth=&#8221;on&#8221; _builder_version=&#8221;4.17.0&#8243; _module_preset=&#8221;default&#8221; global_colors_info=&#8221;{}&#8221;][et_pb_fullwidth_image src=&#8221;https:\/\/giannaguide.com\/wp-content\/uploads\/2022\/06\/Footer_Chi-sono.png&#8221; _builder_version=&#8221;4.17.4&#8243; _module_preset=&#8221;default&#8221; global_colors_info=&#8221;{}&#8221;][\/et_pb_fullwidth_image][\/et_pb_section]<\/p>","protected":false},"excerpt":{"rendered":"<p>CHI SONOSono sposata e ho sette figli: tre umani e quattro pelosi (due cani e due gatte); adoro la campagna, il giardinaggio, cercare i funghi e&#8230; cucinarli!Sono laureata in Lingua e Letteratura Inglese che ho insegnato nelle scuole secondarie superiori; ma la mia curiosit\u00e0 e il caso mi hanno portato a lavorare anche come traduttrice, [&hellip;]<\/p>","protected":false},"author":1,"featured_media":0,"parent":0,"menu_order":0,"comment_status":"closed","ping_status":"closed","template":"","meta":{"_et_pb_use_builder":"on","_et_pb_old_content":"","_et_gb_content_width":"","footnotes":""},"class_list":["post-59","page","type-page","status-publish","hentry"],"_links":{"self":[{"href":"https:\/\/giannaguide.com\/fr\/wp-json\/wp\/v2\/pages\/59","targetHints":{"allow":["GET"]}}],"collection":[{"href":"https:\/\/giannaguide.com\/fr\/wp-json\/wp\/v2\/pages"}],"about":[{"href":"https:\/\/giannaguide.com\/fr\/wp-json\/wp\/v2\/types\/page"}],"author":[{"embeddable":true,"href":"https:\/\/giannaguide.com\/fr\/wp-json\/wp\/v2\/users\/1"}],"replies":[{"embeddable":true,"href":"https:\/\/giannaguide.com\/fr\/wp-json\/wp\/v2\/comments?post=59"}],"version-history":[{"count":28,"href":"https:\/\/giannaguide.com\/fr\/wp-json\/wp\/v2\/pages\/59\/revisions"}],"predecessor-version":[{"id":798,"href":"https:\/\/giannaguide.com\/fr\/wp-json\/wp\/v2\/pages\/59\/revisions\/798"}],"wp:attachment":[{"href":"https:\/\/giannaguide.com\/fr\/wp-json\/wp\/v2\/media?parent=59"}],"curies":[{"name":"wp","href":"https:\/\/api.w.org\/{rel}","templated":true}]}}